{"id":744,"date":"2020-08-06T15:08:32","date_gmt":"2020-08-06T15:08:32","guid":{"rendered":"https:\/\/anaigel.com\/?page_id=744"},"modified":"2020-08-25T16:03:53","modified_gmt":"2020-08-25T16:03:53","slug":"sobre-nos","status":"publish","type":"page","link":"https:\/\/anaigel.com\/en\/sobre-nos\/","title":{"rendered":"About us"},"content":{"rendered":"\t\t<div data-elementor-type=\"wp-page\" data-elementor-id=\"744\" class=\"elementor elementor-744\">\n\t\t\t\t\t\t<section class=\"elementor-section elementor-top-section elementor-element elementor-element-f67f31a elementor-section-full_width elementor-section-height-default elementor-section-height-default\" data-id=\"f67f31a\" data-element_type=\"section\" data-e-type=\"section\">\n\t\t\t\t\t\t<div class=\"elementor-container elementor-column-gap-default\">\n\t\t\t\t\t<div class=\"elementor-column elementor-col-50 elementor-top-column elementor-element elementor-element-b2816af\" data-id=\"b2816af\" data-element_type=\"column\" data-e-type=\"column\" data-settings=\"{&quot;background_background&quot;:&quot;slideshow&quot;,&quot;background_slideshow_gallery&quot;:[{&quot;id&quot;:540,&quot;url&quot;:&quot;https:\\\/\\\/anaigel.com\\\/wp-content\\\/uploads\\\/2020\\\/07\\\/nimble_asset_about_one.jpg&quot;}],&quot;background_slideshow_ken_burns&quot;:&quot;yes&quot;,&quot;background_slideshow_slide_duration&quot;:5000,&quot;background_slideshow_slide_transition&quot;:&quot;fade&quot;,&quot;background_slideshow_transition_duration&quot;:500,&quot;background_slideshow_ken_burns_zoom_direction&quot;:&quot;in&quot;}\">\n\t\t\t<div class=\"elementor-widget-wrap elementor-element-populated\">\n\t\t\t\t\t\t\t<\/div>\n\t\t<\/div>\n\t\t\t\t<div class=\"elementor-column elementor-col-50 elementor-top-column elementor-element elementor-element-7ee7da9\" data-id=\"7ee7da9\" data-element_type=\"column\" data-e-type=\"column\">\n\t\t\t<div class=\"elementor-widget-wrap elementor-element-populated\">\n\t\t\t\t\t\t<div class=\"elementor-element elementor-element-042af18 elementor-widget elementor-widget-text-editor\" data-id=\"042af18\" data-element_type=\"widget\" data-e-type=\"widget\" data-widget_type=\"text-editor.default\">\n\t\t\t\t<div class=\"elementor-widget-container\">\n\t\t\t\t\t\t\t\t\t<div class=\"sek-module \" data-sek-level=\"module\" data-sek-id=\"__nimble__2bcd4f2bfe3d\" data-sek-module-type=\"czr_tiny_mce_editor_module\" data-sek-lazy-bg=\"true\">\n<div class=\"sek-module-inner\">\n<p>Presente no mercado desde 2001, a EP Language Brazil iniciou suas atividades buscando atender \u00e0s necessidades de empresas que precisavam de aux\u00edlio para elaborar materiais em outros idiomas al\u00e9m do portugu\u00eas.<\/p>\n<\/div>\n<\/div>\n<div class=\"sek-module \" data-sek-level=\"module\" data-sek-id=\"__nimble__47a471a5fee2\" data-sek-module-type=\"czr_heading_module\" data-sek-lazy-bg=\"true\">\n<div class=\"sek-module-inner\">\n<h3 class=\"sek-heading\">QUEM SOMOS?<\/h3>\n<\/div>\n<\/div>\n<div class=\"sek-module \" data-sek-level=\"module\" data-sek-id=\"__nimble__54a8b0c3af87\" data-sek-module-type=\"czr_tiny_mce_editor_module\" data-sek-lazy-bg=\"true\">\n<div class=\"sek-module-inner\">\n<p>Fundada por <a href=\"https:\/\/www.linkedin.com\/in\/anaigel\/?locale=pt_BR\" target=\"_blank\" rel=\"noopener\">Ana Elisa Igel<\/a>, que iniciou sua trajet\u00f3ria lingu\u00edstica em 1993 como professora de ingl\u00eas em escolas renomadas de S\u00e3o Paulo, a EP Language Brazil ganhou for\u00e7a quando passou a oferecer servi\u00e7os de tradu\u00e7\u00e3o e interpreta\u00e7\u00e3o, al\u00e9m do seu carro-chefe na \u00e9poca \u2013 aulas individuais de ingl\u00eas.<\/p>\n<p>Com o tempo e a globaliza\u00e7\u00e3o batendo \u00e0 porta, nossa gama de servi\u00e7os aumentou, procurando entender as novas modalidades de comunica\u00e7\u00e3o no mercado e no mundo. Al\u00e9m das aulas particulares, passamos a oferecer servi\u00e7os de tradu\u00e7\u00e3o e interpreta\u00e7\u00e3o entre os idiomas ingl\u00eas e portugu\u00eas, tanto para pessoas f\u00edsicas como para empresas.<\/p>\n<p>Atualmente, somos filiados a v\u00e1rias associa\u00e7\u00f5es, entre elas, a <b>American Translators Association <\/b>(ATA),<b> Abrates<\/b> (Associa\u00e7\u00e3o Brasileira de Tradutores e Int\u00e9rpretes), e <b>Sintra<\/b> (Sindicato Nacional dos Tradutores)<\/p>\n<p><\/p>\n<\/div>\n<\/div>\t\t\t\t\t\t\t\t<\/div>\n\t\t\t\t<\/div>\n\t\t\t\t\t<\/div>\n\t\t<\/div>\n\t\t\t\t\t<\/div>\n\t\t<\/section>\n\t\t\t\t<section class=\"elementor-section elementor-top-section elementor-element elementor-element-70858dc elementor-section-boxed elementor-section-height-default elementor-section-height-default\" data-id=\"70858dc\" data-element_type=\"section\" data-e-type=\"section\">\n\t\t\t\t\t\t<div class=\"elementor-container elementor-column-gap-default\">\n\t\t\t\t\t<div class=\"elementor-column elementor-col-100 elementor-top-column elementor-element elementor-element-596a5e7\" data-id=\"596a5e7\" data-element_type=\"column\" data-e-type=\"column\">\n\t\t\t<div class=\"elementor-widget-wrap elementor-element-populated\">\n\t\t\t\t\t\t<div class=\"elementor-element elementor-element-3b4eef1 elementor-widget elementor-widget-spacer\" data-id=\"3b4eef1\" data-element_type=\"widget\" data-e-type=\"widget\" data-widget_type=\"spacer.default\">\n\t\t\t\t<div class=\"elementor-widget-container\">\n\t\t\t\t\t\t\t<div class=\"elementor-spacer\">\n\t\t\t<div class=\"elementor-spacer-inner\"><\/div>\n\t\t<\/div>\n\t\t\t\t\t\t<\/div>\n\t\t\t\t<\/div>\n\t\t\t\t\t<\/div>\n\t\t<\/div>\n\t\t\t\t\t<\/div>\n\t\t<\/section>\n\t\t\t\t<section class=\"elementor-section elementor-top-section elementor-element elementor-element-583e3d3 elementor-section-stretched elementor-section-boxed elementor-section-height-default elementor-section-height-default\" data-id=\"583e3d3\" data-element_type=\"section\" data-e-type=\"section\" data-settings=\"{&quot;stretch_section&quot;:&quot;section-stretched&quot;,&quot;background_background&quot;:&quot;classic&quot;}\">\n\t\t\t\t\t\t<div class=\"elementor-container elementor-column-gap-default\">\n\t\t\t\t\t<div class=\"elementor-column elementor-col-50 elementor-top-column elementor-element elementor-element-46f2b79\" data-id=\"46f2b79\" data-element_type=\"column\" data-e-type=\"column\">\n\t\t\t<div class=\"elementor-widget-wrap elementor-element-populated\">\n\t\t\t\t\t\t\t<\/div>\n\t\t<\/div>\n\t\t\t\t<div class=\"elementor-column elementor-col-50 elementor-top-column elementor-element elementor-element-84a50cc\" data-id=\"84a50cc\" data-element_type=\"column\" data-e-type=\"column\">\n\t\t\t<div class=\"elementor-widget-wrap elementor-element-populated\">\n\t\t\t\t\t\t<div class=\"elementor-element elementor-element-0af09f3 elementor-widget elementor-widget-heading\" data-id=\"0af09f3\" data-element_type=\"widget\" data-e-type=\"widget\" data-widget_type=\"heading.default\">\n\t\t\t\t<div class=\"elementor-widget-container\">\n\t\t\t\t\t<h2 class=\"elementor-heading-title elementor-size-default\">Siga Ana Elisa Igel no Linkedin<\/h2>\t\t\t\t<\/div>\n\t\t\t\t<\/div>\n\t\t\t\t<div class=\"elementor-element elementor-element-8d62377 elementor-shape-rounded elementor-grid-0 e-grid-align-center elementor-widget elementor-widget-social-icons\" data-id=\"8d62377\" data-element_type=\"widget\" data-e-type=\"widget\" data-widget_type=\"social-icons.default\">\n\t\t\t\t<div class=\"elementor-widget-container\">\n\t\t\t\t\t\t\t<div class=\"elementor-social-icons-wrapper elementor-grid\">\n\t\t\t\t\t\t\t<span class=\"elementor-grid-item\">\n\t\t\t\t\t<a class=\"elementor-icon elementor-social-icon elementor-social-icon-linkedin elementor-repeater-item-0faa193\" href=\"https:\/\/www.linkedin.com\/in\/anaigel\/?locale=pt_BR\" target=\"_blank\">\n\t\t\t\t\t\t<span class=\"elementor-screen-only\">Linkedin<\/span>\n\t\t\t\t\t\t<i aria-hidden=\"true\" class=\"fab fa-linkedin\"><\/i>\t\t\t\t\t<\/a>\n\t\t\t\t<\/span>\n\t\t\t\t\t<\/div>\n\t\t\t\t\t\t<\/div>\n\t\t\t\t<\/div>\n\t\t\t\t\t<\/div>\n\t\t<\/div>\n\t\t\t\t\t<\/div>\n\t\t<\/section>\n\t\t\t\t<section class=\"elementor-section elementor-top-section elementor-element elementor-element-c35e781 elementor-section-boxed elementor-section-height-default elementor-section-height-default\" data-id=\"c35e781\" data-element_type=\"section\" data-e-type=\"section\">\n\t\t\t\t\t\t<div class=\"elementor-container elementor-column-gap-default\">\n\t\t\t\t\t<div class=\"elementor-column elementor-col-100 elementor-top-column elementor-element elementor-element-730589b\" data-id=\"730589b\" data-element_type=\"column\" data-e-type=\"column\">\n\t\t\t<div class=\"elementor-widget-wrap elementor-element-populated\">\n\t\t\t\t\t\t<div class=\"elementor-element elementor-element-f157fbd elementor-widget elementor-widget-spacer\" data-id=\"f157fbd\" data-element_type=\"widget\" data-e-type=\"widget\" data-widget_type=\"spacer.default\">\n\t\t\t\t<div class=\"elementor-widget-container\">\n\t\t\t\t\t\t\t<div class=\"elementor-spacer\">\n\t\t\t<div class=\"elementor-spacer-inner\"><\/div>\n\t\t<\/div>\n\t\t\t\t\t\t<\/div>\n\t\t\t\t<\/div>\n\t\t\t\t\t<\/div>\n\t\t<\/div>\n\t\t\t\t\t<\/div>\n\t\t<\/section>\n\t\t\t\t<\/div>\n\t\t","protected":false},"excerpt":{"rendered":"<p>Presente no mercado desde 2001, a EP Language Brazil iniciou suas atividades buscando atender \u00e0s necessidades de empresas que precisavam de aux\u00edlio para elaborar materiais em outros idiomas al\u00e9m do portugu\u00eas. QUEM SOMOS? Fundada por Ana Elisa Igel, que iniciou sua trajet\u00f3ria lingu\u00edstica em 1993 como professora de ingl\u00eas em escolas renomadas de S\u00e3o Paulo, [&hellip;]<\/p>\n","protected":false},"author":1,"featured_media":0,"parent":0,"menu_order":0,"comment_status":"closed","ping_status":"closed","template":"","meta":{"_monsterinsights_skip_tracking":false,"_monsterinsights_sitenote_active":false,"_monsterinsights_sitenote_note":"","_monsterinsights_sitenote_category":0,"_joinchat":[],"footnotes":""},"class_list":["post-744","page","type-page","status-publish","hentry"],"aioseo_notices":[],"_links":{"self":[{"href":"https:\/\/anaigel.com\/en\/wp-json\/wp\/v2\/pages\/744","targetHints":{"allow":["GET"]}}],"collection":[{"href":"https:\/\/anaigel.com\/en\/wp-json\/wp\/v2\/pages"}],"about":[{"href":"https:\/\/anaigel.com\/en\/wp-json\/wp\/v2\/types\/page"}],"author":[{"embeddable":true,"href":"https:\/\/anaigel.com\/en\/wp-json\/wp\/v2\/users\/1"}],"replies":[{"embeddable":true,"href":"https:\/\/anaigel.com\/en\/wp-json\/wp\/v2\/comments?post=744"}],"version-history":[{"count":13,"href":"https:\/\/anaigel.com\/en\/wp-json\/wp\/v2\/pages\/744\/revisions"}],"predecessor-version":[{"id":809,"href":"https:\/\/anaigel.com\/en\/wp-json\/wp\/v2\/pages\/744\/revisions\/809"}],"wp:attachment":[{"href":"https:\/\/anaigel.com\/en\/wp-json\/wp\/v2\/media?parent=744"}],"curies":[{"name":"wp","href":"https:\/\/api.w.org\/{rel}","templated":true}]}}