{"id":596,"date":"2020-07-31T14:28:52","date_gmt":"2020-07-31T14:28:52","guid":{"rendered":"https:\/\/anaigel.com\/?page_id=596"},"modified":"2022-03-02T13:16:05","modified_gmt":"2022-03-02T13:16:05","slug":"traducoes-tecnicas","status":"publish","type":"page","link":"https:\/\/anaigel.com\/en\/traducoes-tecnicas\/","title":{"rendered":"Technical Translations"},"content":{"rendered":"<h2>Tradu\u00e7\u00f5es T\u00e9cnicas para a sua empresa<\/h2>\n<p style=\"text-align: center;\">Por ser diferente de um texto simples, as tradu\u00e7\u00f5es t\u00e9cnicas possuem um teor mais robusto.<\/p>\n<p style=\"text-align: center;\">Entende-se por t\u00e9cnico todo o conte\u00fado de um texto que exija um conhecimento espec\u00edfico na \u00e1rea em que o profissional se especializou.<\/p>\n<p style=\"text-align: center;\">Nossa equipe disp\u00f5e de profissionais capacitados e credenciados para atender a sua demanda em v\u00e1rias \u00e1reas de conhecimento.<\/p>\n<p>\t\t\t<a href=\"https:\/\/anaigel.com\/en\/traducoes-tecnicas\/#cota\" role=\"button\"><br \/>\nAsk for a quote<br \/>\n<\/a><\/p>\n<h2 style=\"text-align: center;\">Um termo erroneamente utilizado pode comprometer toda a interpreta\u00e7\u00e3o do conte\u00fado, podendo levar a empresa a perder potenciais negocia\u00e7\u00f5es.<\/h2>\n<h2>How can we help you?<\/h2>\n<ul>\n<li><strong>Textos Corporativos<\/strong><\/li>\n<li><strong>Websites corporativos<\/strong><\/li>\n<li><strong>Newsletters<\/strong><\/li>\n<li><strong>Manuais de usu\u00e1rio<\/strong><\/li>\n<li><strong>Folders<\/strong><\/li>\n<\/ul>\n<h2>Please send us your text for a quote!<\/h2>\n\n<div class=\"wpcf7 no-js\" id=\"wpcf7-f5-o1\" lang=\"pt-BR\" dir=\"ltr\" data-wpcf7-id=\"5\">\n<div class=\"screen-reader-response\"><p role=\"status\" aria-live=\"polite\" aria-atomic=\"true\"><\/p> <ul><\/ul><\/div>\n<form action=\"\/en\/wp-json\/wp\/v2\/pages\/596#wpcf7-f5-o1\" method=\"post\" class=\"wpcf7-form init\" aria-label=\"Formul\u00e1rios de contato\" enctype=\"multipart\/form-data\" novalidate=\"novalidate\" data-status=\"init\" data-trp-original-action=\"\/en\/wp-json\/wp\/v2\/pages\/596#wpcf7-f5-o1\">\n<fieldset class=\"hidden-fields-container\"><input type=\"hidden\" name=\"_wpcf7\" value=\"5\" \/><input type=\"hidden\" name=\"_wpcf7_version\" value=\"6.1.5\" \/><input type=\"hidden\" name=\"_wpcf7_locale\" value=\"pt_BR\" \/><input type=\"hidden\" name=\"_wpcf7_unit_tag\" value=\"wpcf7-f5-o1\" \/><input type=\"hidden\" name=\"_wpcf7_container_post\" value=\"0\" \/><input type=\"hidden\" name=\"_wpcf7_posted_data_hash\" value=\"\" \/>\n<\/fieldset>\n<p><label> Your Name (mandatory)<br \/>\n<span class=\"wpcf7-form-control-wrap\" data-name=\"your-name\"><input size=\"40\" maxlength=\"400\" class=\"wpcf7-form-control wpcf7-text wpcf7-validates-as-required\" aria-required=\"true\" aria-invalid=\"false\" value=\"\" type=\"text\" name=\"your-name\" \/><\/span> <\/label>\n<\/p>\n<p><label> E-mail (mandatory)<br \/>\n<span class=\"wpcf7-form-control-wrap\" data-name=\"your-email\"><input size=\"40\" maxlength=\"400\" class=\"wpcf7-form-control wpcf7-email wpcf7-validates-as-required wpcf7-text wpcf7-validates-as-email\" aria-required=\"true\" aria-invalid=\"false\" value=\"\" type=\"email\" name=\"your-email\" \/><\/span> <\/label>\n<\/p>\n<p><label> Subject<br \/>\n<span class=\"wpcf7-form-control-wrap\" data-name=\"your-subject\"><input size=\"40\" maxlength=\"400\" class=\"wpcf7-form-control wpcf7-text\" aria-invalid=\"false\" value=\"\" type=\"text\" name=\"your-subject\" \/><\/span> <\/label>\n<\/p>\n<p><label> Write your message<br \/>\n<span class=\"wpcf7-form-control-wrap\" data-name=\"your-message\"><textarea cols=\"40\" rows=\"10\" maxlength=\"2000\" class=\"wpcf7-form-control wpcf7-textarea\" aria-invalid=\"false\" name=\"your-message\"><\/textarea><\/span> <\/label>\n<\/p>\n<p><label> Send us your file to be translated.<br \/>\n<span class=\"wpcf7-form-control-wrap\" data-name=\"arquivo\"><input size=\"40\" class=\"wpcf7-form-control wpcf7-file\" accept=\".pdf,.png,.jpg,.jpeg,.doc,.xls,.xlsx,.docx,.ppt,.txt\" aria-invalid=\"false\" type=\"file\" name=\"arquivo\" \/><\/span><br \/>\n<input class=\"wpcf7-form-control wpcf7-submit has-spinner\" type=\"submit\" value=\"Submit\" \/><\/label>\n<\/p><div class=\"wpcf7-response-output\" aria-hidden=\"true\"><\/div>\n<input type=\"hidden\" name=\"trp-form-language\" value=\"en\"\/><\/form>\n<\/div>","protected":false},"excerpt":{"rendered":"<p>Tradu\u00e7\u00f5es T\u00e9cnicas para a sua empresa Por ser diferente de um texto simples, as tradu\u00e7\u00f5es t\u00e9cnicas possuem um teor mais robusto. Entende-se por t\u00e9cnico todo o conte\u00fado de um texto que exija um conhecimento espec\u00edfico na \u00e1rea em que o profissional se especializou. Nossa equipe disp\u00f5e de profissionais capacitados e credenciados para atender a sua [&hellip;]<\/p>\n","protected":false},"author":1,"featured_media":0,"parent":0,"menu_order":0,"comment_status":"closed","ping_status":"closed","template":"","meta":{"_monsterinsights_skip_tracking":false,"_monsterinsights_sitenote_active":false,"_monsterinsights_sitenote_note":"","_monsterinsights_sitenote_category":0,"_joinchat":[],"footnotes":""},"class_list":["post-596","page","type-page","status-publish","hentry"],"aioseo_notices":[],"_links":{"self":[{"href":"https:\/\/anaigel.com\/en\/wp-json\/wp\/v2\/pages\/596","targetHints":{"allow":["GET"]}}],"collection":[{"href":"https:\/\/anaigel.com\/en\/wp-json\/wp\/v2\/pages"}],"about":[{"href":"https:\/\/anaigel.com\/en\/wp-json\/wp\/v2\/types\/page"}],"author":[{"embeddable":true,"href":"https:\/\/anaigel.com\/en\/wp-json\/wp\/v2\/users\/1"}],"replies":[{"embeddable":true,"href":"https:\/\/anaigel.com\/en\/wp-json\/wp\/v2\/comments?post=596"}],"version-history":[{"count":10,"href":"https:\/\/anaigel.com\/en\/wp-json\/wp\/v2\/pages\/596\/revisions"}],"predecessor-version":[{"id":1101,"href":"https:\/\/anaigel.com\/en\/wp-json\/wp\/v2\/pages\/596\/revisions\/1101"}],"wp:attachment":[{"href":"https:\/\/anaigel.com\/en\/wp-json\/wp\/v2\/media?parent=596"}],"curies":[{"name":"wp","href":"https:\/\/api.w.org\/{rel}","templated":true}]}}