{"id":1006,"date":"2021-07-13T18:59:05","date_gmt":"2021-07-13T18:59:05","guid":{"rendered":"https:\/\/anaigel.com\/?page_id=1006"},"modified":"2024-10-19T21:03:01","modified_gmt":"2024-10-19T21:03:01","slug":"preparatorio-toefl-individual","status":"publish","type":"page","link":"https:\/\/anaigel.com\/en\/preparatorio-toefl-individual\/","title":{"rendered":"TOEFL Private Tutoring"},"content":{"rendered":"<div data-elementor-type=\"wp-page\" data-elementor-id=\"1006\" class=\"elementor elementor-1006\">\n\t\t\t\t\t\t<section class=\"elementor-section elementor-top-section elementor-element elementor-element-0656882 elementor-section-boxed elementor-section-height-default elementor-section-height-default\" data-id=\"0656882\" data-element_type=\"section\" data-e-type=\"section\">\n\t\t\t\t\t\t<div class=\"elementor-container elementor-column-gap-default\">\n\t\t\t\t\t<div class=\"elementor-column elementor-col-66 elementor-top-column elementor-element elementor-element-1b57d8b\" data-id=\"1b57d8b\" data-element_type=\"column\" data-e-type=\"column\">\n\t\t\t<div class=\"elementor-widget-wrap elementor-element-populated\">\n\t\t\t\t\t\t<div class=\"elementor-element elementor-element-c5d8b2f elementor-widget elementor-widget-text-editor\" data-id=\"c5d8b2f\" data-element_type=\"widget\" data-e-type=\"widget\" data-widget_type=\"text-editor.default\">\n\t\t\t\t<div class=\"elementor-widget-container\">\n\t\t\t\t\t\t\t\t\t<p>The <strong>TOEFL<\/strong> (<strong>T<\/strong>est <strong>The<\/strong>f <strong>E<\/strong>nglish as a <strong>F<\/strong>oreign <strong>L<\/strong>anguage) is the most popular English test in the world; college and graduate studnts must obtain a certain score from 0-120 to be elligible to attend US universities.<\/p>\n<p><!-- \/wp:paragraph --><!-- wp:paragraph --><\/p>\n<p>Atualmente em ambas modalidades online e presencial, o TOEFL exige bastante concentra\u00e7\u00e3o, t\u00e9cnicas para resolu\u00e7\u00e3o dos exerc\u00edcios e dom\u00ednio bastante satisfat\u00f3rio do idioma para que o aluno seja aceito em universidades ao redor do mundo e dar continuidade a seus estudos e planos de carreira. O TOEFL pode ser realizado em centros autorizados, bem como na sua casa, sob o monitoramento da ETS, empresa respons\u00e1vel pelo teste.&nbsp;<\/p>\n<p><!-- \/wp:paragraph --><!-- wp:paragraph --><\/p>\n<p>Our class program is totally customized, according to the areas you need most assistance. We offer all information regarding prices, test dates and registration procedure so you feel comfortable as to what you are preparing for.<\/p>\n<p>Entre em contato conosco para informa\u00e7\u00f5es mais pontuais.<\/p>\t\t\t\t\t\t\t\t<\/div>\n\t\t\t\t<\/div>\n\t\t\t\t\t<\/div>\n\t\t<\/div>\n\t\t\t\t<div class=\"elementor-column elementor-col-33 elementor-top-column elementor-element elementor-element-a23a877\" data-id=\"a23a877\" data-element_type=\"column\" data-e-type=\"column\">\n\t\t\t<div class=\"elementor-widget-wrap elementor-element-populated\">\n\t\t\t\t\t\t<div class=\"elementor-element elementor-element-4677d63 elementor-widget elementor-widget-image\" data-id=\"4677d63\" data-element_type=\"widget\" data-e-type=\"widget\" data-widget_type=\"image.default\">\n\t\t\t\t<div class=\"elementor-widget-container\">\n\t\t\t\t\t\t\t\t\t\t\t\t\t\t\t<img fetchpriority=\"high\" decoding=\"async\" width=\"640\" height=\"427\" src=\"https:\/\/anaigel.com\/wp-content\/uploads\/2021\/07\/toefl-768x512.jpeg\" class=\"attachment-medium_large size-medium_large wp-image-1041 no-lazy\" alt=\"\" srcset=\"https:\/\/anaigel.com\/wp-content\/uploads\/2021\/07\/toefl-768x512.jpeg 768w, https:\/\/anaigel.com\/wp-content\/uploads\/2021\/07\/toefl-300x200.jpeg 300w, https:\/\/anaigel.com\/wp-content\/uploads\/2021\/07\/toefl-16x12.jpeg 16w, https:\/\/anaigel.com\/wp-content\/uploads\/2021\/07\/toefl-577x385.jpeg 577w, https:\/\/anaigel.com\/wp-content\/uploads\/2021\/07\/toefl-285x190.jpeg 285w, https:\/\/anaigel.com\/wp-content\/uploads\/2021\/07\/toefl.jpeg 1000w\" sizes=\"(max-width: 640px) 100vw, 640px\" \/>\t\t\t\t\t\t\t\t\t\t\t\t\t\t\t<\/div>\n\t\t\t\t<\/div>\n\t\t\t\t\t<\/div>\n\t\t<\/div>\n\t\t\t\t\t<\/div>\n\t\t<\/section>\n\t\t\t\t<section class=\"elementor-section elementor-top-section elementor-element elementor-element-ae9bc3e elementor-section-boxed elementor-section-height-default elementor-section-height-default\" data-id=\"ae9bc3e\" data-element_type=\"section\" data-e-type=\"section\">\n\t\t\t\t\t\t<div class=\"elementor-container elementor-column-gap-default\">\n\t\t\t\t\t<div class=\"elementor-column elementor-col-100 elementor-top-column elementor-element elementor-element-1a13cee\" data-id=\"1a13cee\" data-element_type=\"column\" data-e-type=\"column\">\n\t\t\t<div class=\"elementor-widget-wrap elementor-element-populated\">\n\t\t\t\t\t\t<div class=\"elementor-element elementor-element-e741b0a elementor-widget elementor-widget-shortcode\" data-id=\"e741b0a\" data-element_type=\"widget\" data-e-type=\"widget\" data-widget_type=\"shortcode.default\">\n\t\t\t\t<div class=\"elementor-widget-container\">\n\t\t\t\t\t\t\t<div class=\"elementor-shortcode\">\n<div class=\"wpcf7 no-js\" id=\"wpcf7-f1083-o1\" lang=\"pt-BR\" dir=\"ltr\" data-wpcf7-id=\"1083\">\n<div class=\"screen-reader-response\"><p role=\"status\" aria-live=\"polite\" aria-atomic=\"true\"><\/p> <ul><\/ul><\/div>\n<form action=\"\/en\/wp-json\/wp\/v2\/pages\/1006#wpcf7-f1083-o1\" method=\"post\" class=\"wpcf7-form init\" aria-label=\"Formul\u00e1rios de contato\" novalidate=\"novalidate\" data-status=\"init\" data-trp-original-action=\"\/en\/wp-json\/wp\/v2\/pages\/1006#wpcf7-f1083-o1\">\n<fieldset class=\"hidden-fields-container\"><input type=\"hidden\" name=\"_wpcf7\" value=\"1083\" \/><input type=\"hidden\" name=\"_wpcf7_version\" value=\"6.1.5\" \/><input type=\"hidden\" name=\"_wpcf7_locale\" value=\"pt_BR\" \/><input type=\"hidden\" name=\"_wpcf7_unit_tag\" value=\"wpcf7-f1083-o1\" \/><input type=\"hidden\" name=\"_wpcf7_container_post\" value=\"0\" \/><input type=\"hidden\" name=\"_wpcf7_posted_data_hash\" value=\"\" \/>\n<\/fieldset>\n<p><label> Your Name (mandatory)<br \/>\n<span class=\"wpcf7-form-control-wrap\" data-name=\"your-name\"><input size=\"40\" maxlength=\"400\" class=\"wpcf7-form-control wpcf7-text wpcf7-validates-as-required\" aria-required=\"true\" aria-invalid=\"false\" value=\"\" type=\"text\" name=\"your-name\" \/><\/span> <\/label>\n<\/p>\n<p><label> E-mail (mandatory)<br \/>\n<span class=\"wpcf7-form-control-wrap\" data-name=\"your-email\"><input size=\"40\" maxlength=\"400\" class=\"wpcf7-form-control wpcf7-email wpcf7-validates-as-required wpcf7-text wpcf7-validates-as-email\" aria-required=\"true\" aria-invalid=\"false\" value=\"\" type=\"email\" name=\"your-email\" \/><\/span> <\/label>\n<\/p>\n<p><label> Write your message<br \/>\n<span class=\"wpcf7-form-control-wrap\" data-name=\"your-message\"><textarea cols=\"40\" rows=\"10\" maxlength=\"2000\" class=\"wpcf7-form-control wpcf7-textarea\" aria-invalid=\"false\" name=\"your-message\"><\/textarea><\/span> <\/label>\n<\/p>\n<p><input class=\"wpcf7-form-control wpcf7-submit has-spinner\" type=\"submit\" value=\"Submit\" \/>\n<\/p><div class=\"wpcf7-response-output\" aria-hidden=\"true\"><\/div>\n<input type=\"hidden\" name=\"trp-form-language\" value=\"en\"\/><\/form>\n<\/div>\n<\/div>\n\t\t\t\t\t\t<\/div>\n\t\t\t\t<\/div>\n\t\t\t\t\t<\/div>\n\t\t<\/div>\n\t\t\t\t\t<\/div>\n\t\t<\/section>\n\t\t\t\t<\/div>","protected":false},"excerpt":{"rendered":"<p>O TOEFL (Test Of English as a Foreign Language) \u00e9 o teste de ingl\u00eas mais utilizado no mundo para qualificar o conhecimento daquele que deseja estudar em pa\u00edses onde o ingl\u00eas \u00e9 utilizado em sala de aula. Em maior escala, o TOEFL \u00e9 exigido por universidades para curso universit\u00e1rio, p\u00f3s-gradua\u00e7\u00e3o e mestrado. Atualmente em ambas [&hellip;]<\/p>\n","protected":false},"author":1,"featured_media":0,"parent":0,"menu_order":0,"comment_status":"closed","ping_status":"closed","template":"","meta":{"_monsterinsights_skip_tracking":false,"_monsterinsights_sitenote_active":false,"_monsterinsights_sitenote_note":"","_monsterinsights_sitenote_category":0,"_joinchat":[],"footnotes":""},"class_list":["post-1006","page","type-page","status-publish","hentry"],"aioseo_notices":[],"_links":{"self":[{"href":"https:\/\/anaigel.com\/en\/wp-json\/wp\/v2\/pages\/1006","targetHints":{"allow":["GET"]}}],"collection":[{"href":"https:\/\/anaigel.com\/en\/wp-json\/wp\/v2\/pages"}],"about":[{"href":"https:\/\/anaigel.com\/en\/wp-json\/wp\/v2\/types\/page"}],"author":[{"embeddable":true,"href":"https:\/\/anaigel.com\/en\/wp-json\/wp\/v2\/users\/1"}],"replies":[{"embeddable":true,"href":"https:\/\/anaigel.com\/en\/wp-json\/wp\/v2\/comments?post=1006"}],"version-history":[{"count":49,"href":"https:\/\/anaigel.com\/en\/wp-json\/wp\/v2\/pages\/1006\/revisions"}],"predecessor-version":[{"id":1131,"href":"https:\/\/anaigel.com\/en\/wp-json\/wp\/v2\/pages\/1006\/revisions\/1131"}],"wp:attachment":[{"href":"https:\/\/anaigel.com\/en\/wp-json\/wp\/v2\/media?parent=1006"}],"curies":[{"name":"wp","href":"https:\/\/api.w.org\/{rel}","templated":true}]}}